{"id":3,"date":"2024-02-19T13:49:06","date_gmt":"2024-02-19T13:49:06","guid":{"rendered":"https:\/\/antakarana.life\/cursos\/?page_id=3"},"modified":"2024-05-23T14:08:51","modified_gmt":"2024-05-23T19:08:51","slug":"privacy-policy","status":"publish","type":"page","link":"https:\/\/antakarana.life\/cursos\/privacy-policy\/","title":{"rendered":"Pol\u00edticas de privacidad"},"content":{"rendered":"<p><strong>Pol\u00edtica de privacidad de datos<\/strong><\/p><p>Al utilizar nuestros servicios, nos conf\u00edas tus datos. Entendemos que es una gran responsabilidad y nos esforzamos al m\u00e1ximo para proteger tu informaci\u00f3n.<\/p><p>El objetivo de esta Pol\u00edtica de Privacidad es informarte sobre qu\u00e9 datos recogemos y por qu\u00e9 los recogemos.<\/p><p>Recogemos informaci\u00f3n sobre tu actividad en nuestros servicios a trav\u00e9s de Google Analytics, que utilizamos para mejorar nuestro contenido y crear m\u00e1s de aquellas cosas que puedan interesarte. A continuaci\u00f3n, te indicamos la informaci\u00f3n de actividad que podemos recoger:<\/p><ul><li>Los t\u00e9rminos que buscas<\/li>\n\n<li>Los v\u00eddeos que ves<\/li>\n\n<li>Las visualizaciones y las interacciones con el contenido y los anuncios<\/li>\n\n<li>Actividad de compra<\/li>\n\n<li>Usuarios con los que te comunicas o compartes contenido<\/li>\n\n<li>Actividad en los anuncios con los que interactuas en nuestra p\u00e1gina web y que fondean este sitio.<\/li><\/ul><p>Utilizamos datos para hacer anal\u00edticas y mediciones con el objetivo de comprender c\u00f3mo se utilizan nuestros servicios. Por ejemplo, analizamos datos de las visitas que realizas a nuestra p\u00e1gina para optimizar el dise\u00f1o del contenido y servicios. Tambi\u00e9n utilizamos datos sobre los anuncios con los que interact\u00faas para ayudar a los anunciantes a conocer el rendimiento de sus campa\u00f1as publicitarias, esto lo hace directamente Google con diferentes herramientas, como Google Analytics ya que la p\u00e1gina de Antakarana usa Google AdSense. Cuando accedes a sitios o usas aplicaciones que utilizan Google Analytics, un cliente de Google Analytics puede habilitar que Google&nbsp;<a href=\"https:\/\/policies.google.com\/privacy?hl=es#footnote-link-info\">vincule informaci\u00f3n<\/a>&nbsp;sobre tu actividad en esos sitios o aplicaciones con tu actividad en otros sitios o aplicaciones que utilizan nuestros servicios publicitarios.<\/p><p>Los datos que como usuario de este sitio sean registrados en cualquiera de los formularios, ser\u00e1n usados para comunicarse con el usuario via correo para entrega del servicio o informaci\u00f3n solicitada y el ofrecimiento de servicios o informaci\u00f3n que al usuario le puedan interesar.<\/p><p><strong>Terminos y condiciones<\/strong><\/p><p>Estos son los t\u00e9rminos y condiciones del Sitio Web de Antakarana (en adelante&nbsp;<strong>El Sitio<\/strong>), que es una iniciativa individual que busca una utilidad com\u00fan, cuyo objetivo es elevar el nivel de conciencia de la humanidad, a traves de la conexi\u00f3n y ense\u00f1anza de distintos conceptos y pr\u00e1cticas que desarrollan el cuerpo, la mente y el espiritu.<\/p><p>En&nbsp;<strong>El Sitio<\/strong>&nbsp;se publica informaci\u00f3n que apunta a promover el desarrollo de la vida de las personas en distintos \u00e1mbitos.<\/p><p><strong>1. Aceptaci\u00f3n de T\u00e9rminos y Condiciones<\/strong><\/p><p>Es responsabilidad de todo usuario leer los presentes t\u00e9rminos y condiciones de uso, por lo que, al acceder a El Sitio, el usuario acepta de manera incondicional y plena los t\u00e9rminos y condiciones establecidos en el presente documento. Por lo anterior, se recomienda la visita peri\u00f3dica a la secci\u00f3n de t\u00e9rminos y condiciones.<\/p><p>El usuario ser\u00e1 responsable por cualquier uso indebido, anormal o il\u00edcito que se haga de El Sitio y sus contenidos. En especial, el usuario se compromete a no:<\/p><ul><li>No descargar las im\u00e1genes, textos y dem\u00e1s contenido publicado en la P\u00e1gina Web, a menos que expresamente se mencione lo contrario.<\/li>\n\n<li>No utilizar contenidos (im\u00e1genes, textos, v\u00eddeos) para publicidad sin previa autorizaci\u00f3n.<\/li>\n\n<li>No realizar actividades t\u00e9cnicas que impidan la libre administraci\u00f3n, uso y publicaci\u00f3n de los contenidos por parte de los administradores debidamente autorizados.<\/li>\n\n<li>No incurrir en conductas il\u00edcitas como da\u00f1os o ataques inform\u00e1ticos, interceptaci\u00f3n de comunicaciones, infracciones al derecho de autor, uso no autorizado de terminales, usurpaci\u00f3n de identidad, revelaci\u00f3n de secretos o falsedad en los documentos.<\/li>\n\n<li>No publicar contenido pornogr\u00e1fico, injurioso, falso y en general cualquier contenido que atente contra la seguridad y la sana convivencia.<\/li>\n\n<li>No alterar el uso de las marcas, logos y dem\u00e1s signos distintivos, tanto de Antakarana como de terceros que aparezcan en El Sitio.<\/li><\/ul><p>En todo caso, el usuario entiende y acepta que Antakarana se reserva el derecho de tomar acciones de \u00edndole administrativo y legal contra cualquier usuario que, a juicio de los fundadores de Antakarana, haga uso indebido de&nbsp;<strong>El Sitio<\/strong>. Lo anterior implica que el usuario se hace responsable de indemnizar cualquier da\u00f1o causado tanto a Antakarana como a terceros que vean vulnerados sus derechos con su actuaci\u00f3n.<\/p><p><strong>2. Responsabilidad por la informaci\u00f3n contenida<\/strong><\/p><p>El Usuario entiende y acepta que Antakarana no se compromete o se hace responsable por los comentarios y las opiniones publicadas por los usuarios en los diferentes espacios abiertos para este fin en&nbsp;<strong>El Sitio<\/strong>.<\/p><p>De igual forma, el usuario entiende que Antakarana realiza esfuerzos administrativos, t\u00e9cnicos y tecnol\u00f3gicos para mantener su sitio libre de virus y software malicioso, sin embargo, el usuario acepta que de ninguna forma Antakarana garantiza la ausencia de elementos que puedan producir alteraciones o da\u00f1os en su sistema inform\u00e1tico, por lo que no se hace responsable por las referidas alteraciones.<\/p><p><strong>3. Informaci\u00f3n y sitios Web de terceros<\/strong><\/p><p>Dentro de los contenidos publicados en&nbsp;<strong>El Sitio<\/strong>, el usuario puede encontrar hiperv\u00ednculos que le permiten el acceso a otras p\u00e1ginas o sitios Web, pues dichos enlaces han sido puestos all\u00ed con el prop\u00f3sito de informar sobre la existencia de otros maestros, instituciones y fuentes susceptibles de ampliar los contenidos que se publican u ofrecen.<\/p><p>Sin perjuicio de lo anterior, el usuario acepta que Antakarana no se hace responsable por el contenido, el funcionamiento, la accesibilidad, el manejo de la informaci\u00f3n y\/o de la privacidad que puedan realizar dichos sitios de terceros, por lo que usuario entiende que al dar click en los enlaces y salir de El Sitio, lo hace bajo su propio riesgo y responsabilidad.<\/p><p><strong>4. Propiedad Intelectual y Derechos Reservados sobre los contenidos publicados<\/strong><\/p><p>El Sitio Web de Antakarana, (<a href=\"https:\/\/antakarana.life\/\">www.antakarana.life<\/a>), su dise\u00f1o, los contenidos de todo tipo, bases de datos, repositorios, interfaces, Look and Feel, herramientas, apps, Software y dem\u00e1s materiales se encuentran protegidos por las normas internacionales y nacionales vigentes sobre Propiedad Intelectual, por lo tanto su utilizaci\u00f3n, reproducci\u00f3n, comunicaci\u00f3n p\u00fablica, puesta a disposici\u00f3n, transformaci\u00f3n, distribuci\u00f3n, alquiler, pr\u00e9stamo p\u00fablico e importaci\u00f3n, total o parcial, en todo o en parte, en formato impreso, digital y en general por cualquier medio conocido o por conocer en el estado de la t\u00e9cnica, se encuentran prohibidos, y solo ser\u00e1n l\u00edcitos en la medida en que se cuente con la autorizaci\u00f3n previa y expresa por escrito de los fundadores de Antakarana. Las limitaciones y excepciones al Derecho de Autor solo ser\u00e1n aplicables en la medida en que se den dentro de los denominados Usos Honrados (<em>Fair Use<\/em>); es decir, siempre y cuando est\u00e9n previa y expresamente establecidas en disposici\u00f3n legal; no causen un grave e injustificado perjuicio a los intereses leg\u00edtimos del autor o titular; y no atenten contra la normal explotaci\u00f3n de la obra. En todo caso, cualquier uso, remisi\u00f3n o utilizaci\u00f3n mediante v\u00ednculos o links a los contenidos de p\u00e1gina Web de Antakarana, deber\u00e1n darse los cr\u00e9ditos respectivos institucionales, y respetarse la normativa vigente y aplicable sobre Derechos Morales.<\/p><p>Las marcas, logos, nombre, ense\u00f1as, lemas y dem\u00e1s signos distintivos relacionados con Antakarana, son de titularidad de los fundadores, en consecuencia, est\u00e1 prohibida su reproducci\u00f3n total o parcial, con independencia de que se trate de usos comerciales o no. Si desea hacer uso de cualquiera de estos signos distintivos o de los contenidos de&nbsp;<strong>El Sitio<\/strong>, debe solicitar autorizaci\u00f3n previa y expresa a los fundadores a trav\u00e9s del correo: contact@antakarana.life<\/p><p><strong>5. Ley aplicable y resoluci\u00f3n de controversias<\/strong><\/p><p>Cualquier conflicto generado por la interpretaci\u00f3n de los presentes t\u00e9rminos y condiciones ser\u00e1 resuelto bajo lo establecido en la normativa interna de Antakarana, y en los aspectos que no est\u00e9n expresamente regulados en ellas, por lo establecido en las leyes de la Rep\u00fablica de Colombia. Cualquier conflicto o controversia generado por el cumplimiento de estos t\u00e9rminos y condiciones se resolver\u00e1 en primer lugar mediante arreglo directo entre las partes, transacci\u00f3n directa o conciliaci\u00f3n y seg\u00fan con los procedimientos legales establecidos en las leyes de la Rep\u00fablica de Colombia.<\/p><p><strong>6. Derecho a actualizar y modificar los T\u00e9rminos y Condiciones<\/strong><\/p><p>Los presentes t\u00e9rminos y condiciones de uso rigen para todos los servicios y comunicaciones, actuales o futuros, y abarcan a todos aquellos usuarios o terceros que accedan, permanezcan o hagan uso de&nbsp;<strong>El Sitio<\/strong>.<\/p><p>En todo caso, Antakarana se reserva el derecho a modificar y actualizar en cualquier momento y sin necesidad de previo aviso los presentes t\u00e9rminos y condiciones, los cuales entrar\u00e1n en vigor a partir de su publicaci\u00f3n en&nbsp;<strong>el Sitio<\/strong>.<\/p>","protected":false},"excerpt":{"rendered":"<p>Pol\u00edtica de privacidad de datos Al utilizar nuestros servicios, nos conf\u00edas tus datos. Entendemos que es una gran responsabilidad y nos esforzamos al m\u00e1ximo para proteger tu informaci\u00f3n. El objetivo de esta Pol\u00edtica de Privacidad es informarte sobre qu\u00e9 datos recogemos y por qu\u00e9 los recogemos. Recogemos informaci\u00f3n sobre tu actividad en nuestros servicios a [&hellip;]<\/p>\n","protected":false},"author":1,"featured_media":0,"parent":0,"menu_order":0,"comment_status":"closed","ping_status":"closed","template":"","meta":{"inline_featured_image":false,"footnotes":""},"_links":{"self":[{"href":"https:\/\/antakarana.life\/cursos\/wp-json\/wp\/v2\/pages\/3"}],"collection":[{"href":"https:\/\/antakarana.life\/cursos\/wp-json\/wp\/v2\/pages"}],"about":[{"href":"https:\/\/antakarana.life\/cursos\/wp-json\/wp\/v2\/types\/page"}],"author":[{"embeddable":true,"href":"https:\/\/antakarana.life\/cursos\/wp-json\/wp\/v2\/users\/1"}],"replies":[{"embeddable":true,"href":"https:\/\/antakarana.life\/cursos\/wp-json\/wp\/v2\/comments?post=3"}],"version-history":[{"count":2,"href":"https:\/\/antakarana.life\/cursos\/wp-json\/wp\/v2\/pages\/3\/revisions"}],"predecessor-version":[{"id":1004,"href":"https:\/\/antakarana.life\/cursos\/wp-json\/wp\/v2\/pages\/3\/revisions\/1004"}],"wp:attachment":[{"href":"https:\/\/antakarana.life\/cursos\/wp-json\/wp\/v2\/media?parent=3"}],"curies":[{"name":"wp","href":"https:\/\/api.w.org\/{rel}","templated":true}]}}