{"id":18,"date":"2024-02-19T14:00:55","date_gmt":"2024-02-19T14:00:55","guid":{"rendered":"https:\/\/antakarana.life\/cursos\/my-account\/"},"modified":"2024-05-02T09:20:23","modified_gmt":"2024-05-02T14:20:23","slug":"my-account","status":"publish","type":"page","link":"https:\/\/antakarana.life\/cursos\/my-account\/","title":{"rendered":"Mi cuenta"},"content":{"rendered":"\t\t<div data-elementor-type=\"wp-page\" data-elementor-id=\"18\" class=\"elementor elementor-18\" data-elementor-post-type=\"page\">\n\t\t\t\t<div class=\"elementor-element elementor-element-c663486 e-flex e-con-boxed e-con e-parent\" data-id=\"c663486\" data-element_type=\"container\">\n\t\t\t\t\t<div class=\"e-con-inner\">\n\t\t\t\t<div class=\"elementor-element elementor-element-3b15a39 e-my-account-tabs-vertical elementor-widget elementor-widget-woocommerce-my-account\" data-id=\"3b15a39\" data-element_type=\"widget\" data-widget_type=\"woocommerce-my-account.default\">\n\t\t\t\t<div class=\"elementor-widget-container\">\n\t\t\t<link rel=\"stylesheet\" href=\"https:\/\/antakarana.life\/cursos\/wp-content\/plugins\/elementor-pro\/assets\/css\/widget-woocommerce.min.css\"><div class=\"e-my-account-tab e-my-account-tab__ \">\t\t\t<div class=\"woocommerce\"><\/div>\t\t<\/div>\n\t\t\t\t<\/div>\n\t\t\t\t<\/div>\n\t\t\t\t\t<\/div>\n\t\t\t\t<\/div>\n\t\t\t\t<\/div>\n\t\t","protected":false},"excerpt":{"rendered":"<p>Panel de control \u00d3rdenes Descargas Direcci\u00f3n Detalles de la cuenta Cerrar sesi\u00f3n Hola user (\u00bfno eres user? Cerrar sesi\u00f3n) Desde el escritorio de tu cuenta puedes ver tus pedidos recientes, gestionar tus direcciones de env\u00edo y facturaci\u00f3n y editar tu contrase\u00f1a y los detalles de tu cuenta.<\/p>\n","protected":false},"author":1,"featured_media":0,"parent":0,"menu_order":0,"comment_status":"closed","ping_status":"closed","template":"","meta":{"inline_featured_image":false,"footnotes":""},"_links":{"self":[{"href":"https:\/\/antakarana.life\/cursos\/wp-json\/wp\/v2\/pages\/18"}],"collection":[{"href":"https:\/\/antakarana.life\/cursos\/wp-json\/wp\/v2\/pages"}],"about":[{"href":"https:\/\/antakarana.life\/cursos\/wp-json\/wp\/v2\/types\/page"}],"author":[{"embeddable":true,"href":"https:\/\/antakarana.life\/cursos\/wp-json\/wp\/v2\/users\/1"}],"replies":[{"embeddable":true,"href":"https:\/\/antakarana.life\/cursos\/wp-json\/wp\/v2\/comments?post=18"}],"version-history":[{"count":40,"href":"https:\/\/antakarana.life\/cursos\/wp-json\/wp\/v2\/pages\/18\/revisions"}],"predecessor-version":[{"id":952,"href":"https:\/\/antakarana.life\/cursos\/wp-json\/wp\/v2\/pages\/18\/revisions\/952"}],"wp:attachment":[{"href":"https:\/\/antakarana.life\/cursos\/wp-json\/wp\/v2\/media?parent=18"}],"curies":[{"name":"wp","href":"https:\/\/api.w.org\/{rel}","templated":true}]}}